{"id":258,"date":"2018-01-22T10:17:40","date_gmt":"2018-01-22T14:17:40","guid":{"rendered":"http:\/\/ayuntamiento.o\/transparencia\/?page_id=258"},"modified":"2024-10-08T17:19:46","modified_gmt":"2024-10-08T21:19:46","slug":"responsable-de-acceso-a-la-informacion","status":"publish","type":"page","link":"https:\/\/ayuntamientoluperon.gob.do\/transparencia\/responsable-de-acceso-a-la-informacion\/","title":{"rendered":"Responsable de Acceso a la Informaci\u00f3n"},"content":{"rendered":"<p><strong>Contactos del Responsable de Acceso a la Informaci\u00f3n Municipal (RAIM)<\/strong><\/p>\n<p><strong>Nombre:<\/strong> Sra. Esmerl\u00edn Gonz\u00e1lez<\/p>\n<p><strong>Tel\u00e9fono:<\/strong> (809) 571-8136<br \/>\n<strong>E-mail:<\/strong>\u00a0<a href=\"mailto:luperonayuntamiento@gmail.com\">luperonayuntamiento@gmail.com<\/a><\/p>\n<p><strong>Direcci\u00f3n:<\/strong> <strong>Calle Gral. Gregorio Luper\u00f3n, esq. 27 de febrero, Luper\u00f3n, R.D.<\/strong><\/p>\n","protected":false},"excerpt":{"rendered":"Contactos del Responsable de Acceso a la Informaci\u00f3n Municipal (RAIM) Nombre: Sra. Esmerl\u00edn Gonz\u00e1lez Tel\u00e9fono: (809) 571-8136 E-mail:\u00a0luperonayuntamiento@gmail.com Direcci\u00f3n: Calle Gral. Gregorio Luper\u00f3n, esq. 27 de febrero, Luper\u00f3n, R.D.","protected":false},"author":3,"featured_media":0,"parent":0,"menu_order":0,"comment_status":"closed","ping_status":"closed","template":"","meta":[],"acf":[],"_links":{"self":[{"href":"https:\/\/ayuntamientoluperon.gob.do\/transparencia\/wp-json\/wp\/v2\/pages\/258"}],"collection":[{"href":"https:\/\/ayuntamientoluperon.gob.do\/transparencia\/wp-json\/wp\/v2\/pages"}],"about":[{"href":"https:\/\/ayuntamientoluperon.gob.do\/transparencia\/wp-json\/wp\/v2\/types\/page"}],"author":[{"embeddable":true,"href":"https:\/\/ayuntamientoluperon.gob.do\/transparencia\/wp-json\/wp\/v2\/users\/3"}],"replies":[{"embeddable":true,"href":"https:\/\/ayuntamientoluperon.gob.do\/transparencia\/wp-json\/wp\/v2\/comments?post=258"}],"version-history":[{"count":13,"href":"https:\/\/ayuntamientoluperon.gob.do\/transparencia\/wp-json\/wp\/v2\/pages\/258\/revisions"}],"predecessor-version":[{"id":1114,"href":"https:\/\/ayuntamientoluperon.gob.do\/transparencia\/wp-json\/wp\/v2\/pages\/258\/revisions\/1114"}],"wp:attachment":[{"href":"https:\/\/ayuntamientoluperon.gob.do\/transparencia\/wp-json\/wp\/v2\/media?parent=258"}],"curies":[{"name":"wp","href":"https:\/\/api.w.org\/{rel}","templated":true}]}}